{"id":4268,"date":"2024-07-13T11:26:54","date_gmt":"2024-07-13T11:26:54","guid":{"rendered":"https:\/\/demo.awaikenthemes.com\/dentaire\/?page_id=4268"},"modified":"2026-03-11T10:20:24","modified_gmt":"2026-03-11T10:20:24","slug":"contact","status":"publish","type":"page","link":"https:\/\/www.clinicaultradent.ro\/en\/contact\/","title":{"rendered":"Contact"},"content":{"rendered":"<div data-elementor-type=\"wp-page\" data-elementor-id=\"4268\" class=\"elementor elementor-4268\">\n\t\t\t\t\t\t<section class=\"elementor-section elementor-top-section elementor-element elementor-element-73002efc0 elementor-section-boxed elementor-section-height-default elementor-section-height-default wpr-particle-no wpr-jarallax-no wpr-parallax-no wpr-sticky-section-no\" data-id=\"73002efc0\" data-element_type=\"section\" data-settings=\"{&quot;background_background&quot;:&quot;classic&quot;}\">\n\t\t\t\t\t\t\t<div class=\"elementor-background-overlay\"><\/div>\n\t\t\t\t\t\t\t<div class=\"elementor-container elementor-column-gap-default\">\n\t\t\t\t\t<div class=\"elementor-column elementor-col-100 elementor-top-column elementor-element elementor-element-1f17c84f\" data-id=\"1f17c84f\" data-element_type=\"column\">\n\t\t\t<div class=\"elementor-widget-wrap elementor-element-populated\">\n\t\t\t\t\t\t<div class=\"elementor-element elementor-element-61a9b7a8 at-heading-animation at-animation-heading-none elementor-widget elementor-widget-heading\" data-id=\"61a9b7a8\" data-element_type=\"widget\" data-settings=\"{&quot;ekit_we_effect_on&quot;:&quot;none&quot;}\" data-widget_type=\"heading.default\">\n\t\t\t\t<div class=\"elementor-widget-container\">\n\t\t\t\t\t<h2 class=\"elementor-heading-title elementor-size-default\">Contact<\/h2>\t\t\t\t<\/div>\n\t\t\t\t<\/div>\n\t\t\t\t\t<\/div>\n\t\t<\/div>\n\t\t\t\t\t<\/div>\n\t\t<\/section>\n\t\t\t\t<section class=\"elementor-section elementor-top-section elementor-element elementor-element-18c78fce elementor-section-boxed elementor-section-height-default elementor-section-height-default wpr-particle-no wpr-jarallax-no wpr-parallax-no wpr-sticky-section-no\" data-id=\"18c78fce\" data-element_type=\"section\">\n\t\t\t\t\t\t<div class=\"elementor-container elementor-column-gap-wide\">\n\t\t\t\t\t<div class=\"elementor-column elementor-col-50 elementor-top-column elementor-element elementor-element-3ba655cf\" data-id=\"3ba655cf\" data-element_type=\"column\">\n\t\t\t<div class=\"elementor-widget-wrap elementor-element-populated\">\n\t\t\t\t\t\t<div class=\"elementor-element elementor-element-2507d142 at-heading-animation at-animation-heading-none elementor-widget elementor-widget-heading\" data-id=\"2507d142\" data-element_type=\"widget\" data-settings=\"{&quot;ekit_we_effect_on&quot;:&quot;none&quot;}\" data-widget_type=\"heading.default\">\n\t\t\t\t<div class=\"elementor-widget-container\">\n\t\t\t\t\t<h2 class=\"elementor-heading-title elementor-size-default\">Contacteaz\u0103-ne!<\/h2>\t\t\t\t<\/div>\n\t\t\t\t<\/div>\n\t\t\t\t<div class=\"elementor-element elementor-element-4baf76bf elementor-widget-divider--view-line elementor-widget elementor-widget-divider\" data-id=\"4baf76bf\" data-element_type=\"widget\" data-settings=\"{&quot;ekit_we_effect_on&quot;:&quot;none&quot;}\" data-widget_type=\"divider.default\">\n\t\t\t\t<div class=\"elementor-widget-container\">\n\t\t\t\t\t\t\t<div class=\"elementor-divider\">\n\t\t\t<span class=\"elementor-divider-separator\">\n\t\t\t\t\t\t<\/span>\n\t\t<\/div>\n\t\t\t\t\t\t<\/div>\n\t\t\t\t<\/div>\n\t\t\t\t<div class=\"elementor-element elementor-element-479192cb elementor-position-left elementor-view-default elementor-mobile-position-top elementor-widget elementor-widget-icon-box\" data-id=\"479192cb\" data-element_type=\"widget\" data-settings=\"{&quot;ekit_we_effect_on&quot;:&quot;none&quot;}\" data-widget_type=\"icon-box.default\">\n\t\t\t\t<div class=\"elementor-widget-container\">\n\t\t\t\t\t\t\t<div class=\"elementor-icon-box-wrapper\">\n\n\t\t\t\t\t\t<div class=\"elementor-icon-box-icon\">\n\t\t\t\t<a href=\"\" class=\"elementor-icon\" tabindex=\"-1\" aria-label=\"Num\u0103r de telefon\">\n\t\t\t\t<i aria-hidden=\"true\" class=\"fas fa-phone-alt\"><\/i>\t\t\t\t<\/a>\n\t\t\t<\/div>\n\t\t\t\n\t\t\t\t\t\t<div class=\"elementor-icon-box-content\">\n\n\t\t\t\t\t\t\t\t\t<h3 class=\"elementor-icon-box-title\">\n\t\t\t\t\t\t<a href=\"\" >\n\t\t\t\t\t\t\tNum\u0103r de telefon\t\t\t\t\t\t<\/a>\n\t\t\t\t\t<\/h3>\n\t\t\t\t\n\t\t\t\t\t\t\t\t\t<p class=\"elementor-icon-box-description\">\n\t\t\t\t\t\t<a href=\"tel:+0770841891\">+40 770 841 891<\/a>\n\t\t\t\t\t<\/p>\n\t\t\t\t\n\t\t\t<\/div>\n\t\t\t\n\t\t<\/div>\n\t\t\t\t\t\t<\/div>\n\t\t\t\t<\/div>\n\t\t\t\t<div class=\"elementor-element elementor-element-459afd6b elementor-position-left elementor-view-default elementor-mobile-position-top elementor-widget elementor-widget-icon-box\" data-id=\"459afd6b\" data-element_type=\"widget\" data-settings=\"{&quot;ekit_we_effect_on&quot;:&quot;none&quot;}\" data-widget_type=\"icon-box.default\">\n\t\t\t\t<div class=\"elementor-widget-container\">\n\t\t\t\t\t\t\t<div class=\"elementor-icon-box-wrapper\">\n\n\t\t\t\t\t\t<div class=\"elementor-icon-box-icon\">\n\t\t\t\t<span  class=\"elementor-icon\">\n\t\t\t\t<i aria-hidden=\"true\" class=\"fas fa-envelope\"><\/i>\t\t\t\t<\/span>\n\t\t\t<\/div>\n\t\t\t\n\t\t\t\t\t\t<div class=\"elementor-icon-box-content\">\n\n\t\t\t\t\t\t\t\t\t<h3 class=\"elementor-icon-box-title\">\n\t\t\t\t\t\t<span  >\n\t\t\t\t\t\t\temail\t\t\t\t\t\t<\/span>\n\t\t\t\t\t<\/h3>\n\t\t\t\t\n\t\t\t\t\t\t\t\t\t<p class=\"elementor-icon-box-description\">\n\t\t\t\t\t\tcontact@clinica ultradent.ro\t\t\t\t\t<\/p>\n\t\t\t\t\n\t\t\t<\/div>\n\t\t\t\n\t\t<\/div>\n\t\t\t\t\t\t<\/div>\n\t\t\t\t<\/div>\n\t\t\t\t<div class=\"elementor-element elementor-element-6f80120e elementor-position-left elementor-view-default elementor-mobile-position-top elementor-widget elementor-widget-icon-box\" data-id=\"6f80120e\" data-element_type=\"widget\" data-settings=\"{&quot;ekit_we_effect_on&quot;:&quot;none&quot;}\" data-widget_type=\"icon-box.default\">\n\t\t\t\t<div class=\"elementor-widget-container\">\n\t\t\t\t\t\t\t<div class=\"elementor-icon-box-wrapper\">\n\n\t\t\t\t\t\t<div class=\"elementor-icon-box-icon\">\n\t\t\t\t<span  class=\"elementor-icon\">\n\t\t\t\t<i aria-hidden=\"true\" class=\"fas fa-map-marker-alt\"><\/i>\t\t\t\t<\/span>\n\t\t\t<\/div>\n\t\t\t\n\t\t\t\t\t\t<div class=\"elementor-icon-box-content\">\n\n\t\t\t\t\t\t\t\t\t<h3 class=\"elementor-icon-box-title\">\n\t\t\t\t\t\t<span  >\n\t\t\t\t\t\t\tAddress\t\t\t\t\t\t<\/span>\n\t\t\t\t\t<\/h3>\n\t\t\t\t\n\t\t\t\t\t\t\t\t\t<p class=\"elementor-icon-box-description\">\n\t\t\t\t\t\tBlock B1, 2 Textili\u0219tilor Street, Gala\u021bi 800581\n\t\t\t\t\t<\/p>\n\t\t\t\t\n\t\t\t<\/div>\n\t\t\t\n\t\t<\/div>\n\t\t\t\t\t\t<\/div>\n\t\t\t\t<\/div>\n\t\t\t\t<div class=\"elementor-element elementor-element-18afb409 elementor-position-left elementor-view-default elementor-mobile-position-top elementor-widget elementor-widget-icon-box\" data-id=\"18afb409\" data-element_type=\"widget\" data-settings=\"{&quot;ekit_we_effect_on&quot;:&quot;none&quot;}\" data-widget_type=\"icon-box.default\">\n\t\t\t\t<div class=\"elementor-widget-container\">\n\t\t\t\t\t\t\t<div class=\"elementor-icon-box-wrapper\">\n\n\t\t\t\t\t\t<div class=\"elementor-icon-box-icon\">\n\t\t\t\t<span  class=\"elementor-icon\">\n\t\t\t\t<i aria-hidden=\"true\" class=\"fas fa-clock\"><\/i>\t\t\t\t<\/span>\n\t\t\t<\/div>\n\t\t\t\n\t\t\t\t\t\t<div class=\"elementor-icon-box-content\">\n\n\t\t\t\t\t\t\t\t\t<h3 class=\"elementor-icon-box-title\">\n\t\t\t\t\t\t<span  >\n\t\t\t\t\t\t\tSchedule\t\t\t\t\t\t<\/span>\n\t\t\t\t\t<\/h3>\n\t\t\t\t\n\t\t\t\t\t\t\t\t\t<p class=\"elementor-icon-box-description\">\n\t\t\t\t\t\tLuni - Vineri -  8:30-20:00 <br>\nSamb\u0103t\u0103 - \u00cenchis <br>\nDuminic\u0103 \u2014 \u00cenchis\t\t\t\t\t<\/p>\n\t\t\t\t\n\t\t\t<\/div>\n\t\t\t\n\t\t<\/div>\n\t\t\t\t\t\t<\/div>\n\t\t\t\t<\/div>\n\t\t\t\t\t<\/div>\n\t\t<\/div>\n\t\t\t\t<div class=\"elementor-column elementor-col-50 elementor-top-column elementor-element elementor-element-5ba7db7d\" data-id=\"5ba7db7d\" data-element_type=\"column\">\n\t\t\t<div class=\"elementor-widget-wrap elementor-element-populated\">\n\t\t\t\t\t\t<div class=\"elementor-element elementor-element-7433fed5 at-heading-animation at-animation-heading-none elementor-widget elementor-widget-heading\" data-id=\"7433fed5\" data-element_type=\"widget\" data-settings=\"{&quot;ekit_we_effect_on&quot;:&quot;none&quot;}\" data-widget_type=\"heading.default\">\n\t\t\t\t<div class=\"elementor-widget-container\">\n\t\t\t\t\t<h2 class=\"elementor-heading-title elementor-size-default\">Trimite\u021bi un mesaj<\/h2>\t\t\t\t<\/div>\n\t\t\t\t<\/div>\n\t\t\t\t<div class=\"elementor-element elementor-element-f458de9 elementor-widget elementor-widget-elementskit-contact-form7\" data-id=\"f458de9\" data-element_type=\"widget\" data-settings=\"{&quot;ekit_we_effect_on&quot;:&quot;none&quot;}\" data-widget_type=\"elementskit-contact-form7.default\">\n\t\t\t\t<div class=\"elementor-widget-container\">\n\t\t\t\t\t<div class=\"ekit-wid-con\" ><div class=\"ekit-form\">\n<div class=\"wpcf7 no-js\" id=\"wpcf7-f424-o1\" lang=\"en-US\" dir=\"ltr\" data-wpcf7-id=\"424\">\n<div class=\"screen-reader-response\"><p role=\"status\" aria-live=\"polite\" aria-atomic=\"true\"><\/p> <ul><\/ul><\/div>\n<form action=\"\/en\/wp-json\/wp\/v2\/pages\/4268#wpcf7-f424-o1\" method=\"post\" class=\"wpcf7-form init\" aria-label=\"Contact form\" novalidate=\"novalidate\" data-status=\"init\" data-trp-original-action=\"\/en\/wp-json\/wp\/v2\/pages\/4268#wpcf7-f424-o1\">\n<fieldset class=\"hidden-fields-container\"><input type=\"hidden\" name=\"_wpcf7\" value=\"424\" \/><input type=\"hidden\" name=\"_wpcf7_version\" value=\"6.1.2\" \/><input type=\"hidden\" name=\"_wpcf7_locale\" value=\"en_US\" \/><input type=\"hidden\" name=\"_wpcf7_unit_tag\" value=\"wpcf7-f424-o1\" \/><input type=\"hidden\" name=\"_wpcf7_container_post\" value=\"0\" \/><input type=\"hidden\" name=\"_wpcf7_posted_data_hash\" value=\"\" \/>\n<\/fieldset>\n<div class=\"row\">\n\t<div class=\"form-group col-md-6 mb-4\">\n\t\t<p><span class=\"wpcf7-form-control-wrap\" data-name=\"your-name\"><input size=\"40\" maxlength=\"400\" class=\"wpcf7-form-control wpcf7-text wpcf7-validates-as-required form-control\" id=\"name\" aria-required=\"true\" aria-invalid=\"false\" placeholder=\"Full name\" value=\"\" type=\"text\" name=\"your-name\" \/><\/span>\n\t\t<\/p>\n\t<\/div>\n\t<div class=\"form-group col-md-6 mb-4\">\n\t\t<p><span class=\"wpcf7-form-control-wrap\" data-name=\"email\"><input size=\"40\" maxlength=\"400\" class=\"wpcf7-form-control wpcf7-email wpcf7-validates-as-required wpcf7-text wpcf7-validates-as-email form-control\" id=\"email\" aria-required=\"true\" aria-invalid=\"false\" placeholder=\"email address\" value=\"\" type=\"email\" name=\"email\" \/><\/span>\n\t\t<\/p>\n\t<\/div>\n\t<div class=\"form-group col-md-6 mb-4\">\n\t\t<p><span class=\"wpcf7-form-control-wrap\" data-name=\"phone\"><input size=\"40\" maxlength=\"400\" class=\"wpcf7-form-control wpcf7-text wpcf7-validates-as-required form-control\" id=\"phone\" aria-required=\"true\" aria-invalid=\"false\" placeholder=\"Phone number\" value=\"\" type=\"text\" name=\"phone\" \/><\/span>\n\t\t<\/p>\n\t<\/div>\n\t<div class=\"form-group select-field col-md-6 mb-3\">\n\t\t<p><span class=\"wpcf7-form-control-wrap\" data-name=\"categoryid:form-control\"><select class=\"wpcf7-form-control wpcf7-select wpcf7-validates-as-required\" aria-required=\"true\" aria-invalid=\"false\" name=\"categoryid:form-control\"><option value=\"Selecteaz\u0103 o categorie\">Selecteaz\u0103 o categorie<\/option><option value=\"profilaxie\">profilaxie<\/option><option value=\"parodontologie\">parodontologie<\/option><option value=\"chirurgie dento-alveolar\u0103\">chirurgie dento-alveolar\u0103<\/option><option value=\"implantologie\">implantologie<\/option><option value=\"cosmetic\u0103 dentar\u0103\">cosmetic\u0103 dentar\u0103<\/option><option value=\"protetic\u0103\">protetic\u0103<\/option><option value=\"endodon\u021bie\">endodon\u021bie<\/option><option value=\"cariologie\">cariologie<\/option><option value=\"ocluzologie\">ocluzologie<\/option><option value=\"pedodon\u021bie\">pedodon\u021bie<\/option><\/select><\/span>\n\t\t<\/p>\n\t<\/div>\n\t<div class=\"form-group col-md-12 mb-4\">\n\t\t<p><span class=\"wpcf7-form-control-wrap\" data-name=\"date\"><input class=\"wpcf7-form-control wpcf7-date wpcf7-validates-as-required wpcf7-validates-as-date form-control\" id=\"date\" aria-required=\"true\" aria-invalid=\"false\" placeholder=\"data\" value=\"\" type=\"date\" name=\"date\" \/><\/span>\n\t\t<\/p>\n\t<\/div>\n\t<div class=\"col-md-12 form-btn text-center\">\n\t\t<p><input class=\"wpcf7-form-control wpcf7-submit has-spinner contact-btn\" id=\"msgSubmit\" type=\"submit\" value=\"Make an appointment\" \/>\n\t\t<\/p>\n\t<\/div>\n<\/div><div class=\"wpcf7-response-output\" aria-hidden=\"true\"><\/div>\n<input type=\"hidden\" name=\"trp-form-language\" value=\"en\"\/><\/form>\n<\/div>\n<\/div><\/div>\t\t\t\t<\/div>\n\t\t\t\t<\/div>\n\t\t\t\t\t<\/div>\n\t\t<\/div>\n\t\t\t\t\t<\/div>\n\t\t<\/section>\n\t\t<div class=\"elementor-element elementor-element-3edabb1 e-flex e-con-boxed wpr-particle-no wpr-jarallax-no wpr-parallax-no wpr-sticky-section-no e-con e-parent\" data-id=\"3edabb1\" data-element_type=\"container\">\n\t\t\t\t\t<div class=\"e-con-inner\">\n\t\t\t\t<div class=\"elementor-element elementor-element-10d30b7 elementor-widget elementor-widget-wpr-google-maps\" data-id=\"10d30b7\" data-element_type=\"widget\" data-settings=\"{&quot;gm_height&quot;:{&quot;unit&quot;:&quot;px&quot;,&quot;size&quot;:411,&quot;sizes&quot;:[]},&quot;gm_zoom_depth&quot;:{&quot;unit&quot;:&quot;px&quot;,&quot;size&quot;:15,&quot;sizes&quot;:[]},&quot;gm_height_tablet&quot;:{&quot;unit&quot;:&quot;px&quot;,&quot;size&quot;:&quot;&quot;,&quot;sizes&quot;:[]},&quot;gm_height_mobile&quot;:{&quot;unit&quot;:&quot;px&quot;,&quot;size&quot;:&quot;&quot;,&quot;sizes&quot;:[]},&quot;ekit_we_effect_on&quot;:&quot;none&quot;}\" data-widget_type=\"wpr-google-maps.default\">\n\t\t\t\t<div class=\"elementor-widget-container\">\n\t\t\t\t\t<div class=\"wpr-google-map\"  data-settings=\"{&quot;type&quot;:&quot;roadmap&quot;,&quot;style&quot;:&quot;default&quot;,&quot;zoom_depth&quot;:15,&quot;zoom_on_scroll&quot;:&quot;yes&quot;,&quot;cluster_markers&quot;:&quot;yes&quot;,&quot;clusters_url&quot;:&quot;https:\\\/\\\/www.clinicaultradent.ro\\\/wp-content\\\/plugins\\\/royal-elementor-addons\\\/assets\\\/js\\\/lib\\\/gmap\\\/clusters\\\/m&quot;,&quot;custom_style&quot;:&quot;&quot;}\" data-locations=\"[{&quot;gm_latitude&quot;:&quot;45.41840&quot;,&quot;gm_longtitude&quot;:&quot;28.01689&quot;,&quot;_id&quot;:&quot;46a22c5&quot;,&quot;gm_show_info_window&quot;:&quot;load&quot;,&quot;gm_location_title&quot;:&quot;&quot;,&quot;gm_location_description&quot;:&quot;&quot;,&quot;gm_info_window_width&quot;:{&quot;unit&quot;:&quot;px&quot;,&quot;size&quot;:300,&quot;sizes&quot;:[]},&quot;gm_marker_animation&quot;:&quot;none&quot;,&quot;gm_custom_marker&quot;:&quot;&quot;,&quot;gm_marker_icon&quot;:{&quot;url&quot;:&quot;&quot;,&quot;id&quot;:&quot;&quot;,&quot;size&quot;:&quot;&quot;},&quot;gm_marker_icon_size_width&quot;:{&quot;unit&quot;:&quot;px&quot;,&quot;size&quot;:35,&quot;sizes&quot;:[]},&quot;gm_marker_icon_size_height&quot;:{&quot;unit&quot;:&quot;px&quot;,&quot;size&quot;:35,&quot;sizes&quot;:[]}}]\" data-controls=\"{&quot;type&quot;:&quot;yes&quot;,&quot;fullscreen&quot;:&quot;yes&quot;,&quot;zoom&quot;:&quot;yes&quot;,&quot;streetview&quot;:&quot;yes&quot;}\"><\/div>\t\t\t\t<\/div>\n\t\t\t\t<\/div>\n\t\t\t\t\t<\/div>\n\t\t\t\t<\/div>\n\t\t\t\t<\/div>","protected":false},"excerpt":{"rendered":"<p>Contact Contacteaz\u0103-ne! Num\u0103r de telefon +40 770 841 891 Email contact@clinica ultradent.ro Addresa Bloc B1,<\/p>","protected":false},"author":1,"featured_media":0,"parent":0,"menu_order":0,"comment_status":"closed","ping_status":"closed","template":"elementor_header_footer","meta":{"footnotes":""},"class_list":["post-4268","page","type-page","status-publish","hentry"],"yoast_head":"<!-- This site is optimized with the Yoast SEO plugin v25.8 - https:\/\/yoast.com\/wordpress\/plugins\/seo\/ -->\n<title>Contact - Ultradent<\/title>\n<meta name=\"description\" content=\"Contact     Contacteaz\u0103-ne!                      Num\u0103r de telefon               +40 770 841 891            Email               contact@clinica ultradent.ro            Addresa               Bloc B1, Strada Textili\u0219tilor 2, Gala\u021bi 800581            Program               Luni - Vineri - 8:30-20:00 Samb\u0103t\u0103 - \u00cenchis Duminic\u0103 \u2014 \u00cenchis      Trimite\u021bi un mesaj               Selecteaz\u0103 o categorieprofilaxieparodontologiechirurgie dento-alveolar\u0103implantologiecosmetic\u0103 dentar\u0103protetic\u0103endodon\u021biecariologieocluzologiepedodon\u021bie\" \/>\n<meta name=\"robots\" content=\"index, follow, max-snippet:-1, max-image-preview:large, max-video-preview:-1\" \/>\n<link rel=\"canonical\" href=\"https:\/\/www.clinicaultradent.ro\/en\/contact\/\" \/>\n<meta property=\"og:locale\" content=\"en_US\" \/>\n<meta property=\"og:type\" content=\"article\" \/>\n<meta property=\"og:title\" content=\"Contact - Ultradent\" \/>\n<meta property=\"og:description\" content=\"Contact     Contacteaz\u0103-ne!                      Num\u0103r de telefon               +40 770 841 891            Email               contact@clinica ultradent.ro            Addresa               Bloc B1, Strada Textili\u0219tilor 2, Gala\u021bi 800581            Program               Luni - Vineri - 8:30-20:00 Samb\u0103t\u0103 - \u00cenchis Duminic\u0103 \u2014 \u00cenchis      Trimite\u021bi un mesaj               Selecteaz\u0103 o categorieprofilaxieparodontologiechirurgie dento-alveolar\u0103implantologiecosmetic\u0103 dentar\u0103protetic\u0103endodon\u021biecariologieocluzologiepedodon\u021bie\" \/>\n<meta property=\"og:url\" content=\"https:\/\/www.clinicaultradent.ro\/en\/contact\/\" \/>\n<meta property=\"og:site_name\" content=\"Ultradent\" \/>\n<meta property=\"article:modified_time\" content=\"2026-03-11T10:20:24+00:00\" \/>\n<meta name=\"twitter:card\" content=\"summary_large_image\" \/>\n<meta name=\"twitter:label1\" content=\"Est. reading time\" \/>\n\t<meta name=\"twitter:data1\" content=\"15 minutes\" \/>\n<script type=\"application\/ld+json\" class=\"yoast-schema-graph\">{\"@context\":\"https:\/\/schema.org\",\"@graph\":[{\"@type\":\"WebPage\",\"@id\":\"https:\/\/www.clinicaultradent.ro\/contact\/\",\"url\":\"https:\/\/www.clinicaultradent.ro\/contact\/\",\"name\":\"Contact - Ultradent\",\"isPartOf\":{\"@id\":\"https:\/\/www.clinicaultradent.ro\/#website\"},\"datePublished\":\"2024-07-13T11:26:54+00:00\",\"dateModified\":\"2026-03-11T10:20:24+00:00\",\"description\":\"Contact Contacteaz\u0103-ne! Num\u0103r de telefon +40 770 841 891 Email contact@clinica ultradent.ro Addresa Bloc B1, Strada Textili\u0219tilor 2, Gala\u021bi 800581 Program Luni - Vineri - 8:30-20:00 Samb\u0103t\u0103 - \u00cenchis Duminic\u0103 \u2014 \u00cenchis Trimite\u021bi un mesaj Selecteaz\u0103 o categorieprofilaxieparodontologiechirurgie dento-alveolar\u0103implantologiecosmetic\u0103 dentar\u0103protetic\u0103endodon\u021biecariologieocluzologiepedodon\u021bie\",\"breadcrumb\":{\"@id\":\"https:\/\/www.clinicaultradent.ro\/contact\/#breadcrumb\"},\"inLanguage\":\"en-US\",\"potentialAction\":[{\"@type\":\"ReadAction\",\"target\":[\"https:\/\/www.clinicaultradent.ro\/contact\/\"]}]},{\"@type\":\"BreadcrumbList\",\"@id\":\"https:\/\/www.clinicaultradent.ro\/contact\/#breadcrumb\",\"itemListElement\":[{\"@type\":\"ListItem\",\"position\":1,\"name\":\"Home\",\"item\":\"https:\/\/www.clinicaultradent.ro\/\"},{\"@type\":\"ListItem\",\"position\":2,\"name\":\"Contact\"}]},{\"@type\":\"WebSite\",\"@id\":\"https:\/\/www.clinicaultradent.ro\/#website\",\"url\":\"https:\/\/www.clinicaultradent.ro\/\",\"name\":\"Clinica Ultradent Galati\",\"description\":\"Clinica de stomatologie din Galati\",\"publisher\":{\"@id\":\"https:\/\/www.clinicaultradent.ro\/#organization\"},\"potentialAction\":[{\"@type\":\"SearchAction\",\"target\":{\"@type\":\"EntryPoint\",\"urlTemplate\":\"https:\/\/www.clinicaultradent.ro\/?s={search_term_string}\"},\"query-input\":{\"@type\":\"PropertyValueSpecification\",\"valueRequired\":true,\"valueName\":\"search_term_string\"}}],\"inLanguage\":\"en-US\"},{\"@type\":\"Organization\",\"@id\":\"https:\/\/www.clinicaultradent.ro\/#organization\",\"name\":\"%%sitename%% Clinica Ultradent Galati\",\"url\":\"https:\/\/www.clinicaultradent.ro\/\",\"logo\":{\"@type\":\"ImageObject\",\"inLanguage\":\"en-US\",\"@id\":\"https:\/\/www.clinicaultradent.ro\/#\/schema\/logo\/image\/\",\"url\":\"https:\/\/www.clinicaultradent.ro\/wp-content\/uploads\/2025\/09\/cropped-ultradent-logo-500x500-1.png\",\"contentUrl\":\"https:\/\/www.clinicaultradent.ro\/wp-content\/uploads\/2025\/09\/cropped-ultradent-logo-500x500-1.png\",\"width\":500,\"height\":310,\"caption\":\"%%sitename%% Clinica Ultradent Galati\"},\"image\":{\"@id\":\"https:\/\/www.clinicaultradent.ro\/#\/schema\/logo\/image\/\"}}]}<\/script>\n<!-- \/ Yoast SEO plugin. -->","yoast_head_json":{"title":"Contact - Ultradent","description":"Contact     Contacteaz\u0103-ne!                      Num\u0103r de telefon               +40 770 841 891            Email               contact@clinica ultradent.ro            Addresa               Bloc B1, Strada Textili\u0219tilor 2, Gala\u021bi 800581            Program               Luni - Vineri - 8:30-20:00 Samb\u0103t\u0103 - \u00cenchis Duminic\u0103 \u2014 \u00cenchis      Trimite\u021bi un mesaj               Selecteaz\u0103 o categorieprofilaxieparodontologiechirurgie dento-alveolar\u0103implantologiecosmetic\u0103 dentar\u0103protetic\u0103endodon\u021biecariologieocluzologiepedodon\u021bie","robots":{"index":"index","follow":"follow","max-snippet":"max-snippet:-1","max-image-preview":"max-image-preview:large","max-video-preview":"max-video-preview:-1"},"canonical":"https:\/\/www.clinicaultradent.ro\/en\/contact\/","og_locale":"en_US","og_type":"article","og_title":"Contact - Ultradent","og_description":"Contact     Contacteaz\u0103-ne!                      Num\u0103r de telefon               +40 770 841 891            Email               contact@clinica ultradent.ro            Addresa               Bloc B1, Strada Textili\u0219tilor 2, Gala\u021bi 800581            Program               Luni - Vineri - 8:30-20:00 Samb\u0103t\u0103 - \u00cenchis Duminic\u0103 \u2014 \u00cenchis      Trimite\u021bi un mesaj               Selecteaz\u0103 o categorieprofilaxieparodontologiechirurgie dento-alveolar\u0103implantologiecosmetic\u0103 dentar\u0103protetic\u0103endodon\u021biecariologieocluzologiepedodon\u021bie","og_url":"https:\/\/www.clinicaultradent.ro\/en\/contact\/","og_site_name":"Ultradent","article_modified_time":"2026-03-11T10:20:24+00:00","twitter_card":"summary_large_image","twitter_misc":{"Est. reading time":"15 minutes"},"schema":{"@context":"https:\/\/schema.org","@graph":[{"@type":"WebPage","@id":"https:\/\/www.clinicaultradent.ro\/contact\/","url":"https:\/\/www.clinicaultradent.ro\/contact\/","name":"Contact - Ultradent","isPartOf":{"@id":"https:\/\/www.clinicaultradent.ro\/#website"},"datePublished":"2024-07-13T11:26:54+00:00","dateModified":"2026-03-11T10:20:24+00:00","description":"Contact Contacteaz\u0103-ne! Num\u0103r de telefon +40 770 841 891 Email contact@clinica ultradent.ro Addresa Bloc B1, Strada Textili\u0219tilor 2, Gala\u021bi 800581 Program Luni - Vineri - 8:30-20:00 Samb\u0103t\u0103 - \u00cenchis Duminic\u0103 \u2014 \u00cenchis Trimite\u021bi un mesaj Selecteaz\u0103 o categorieprofilaxieparodontologiechirurgie dento-alveolar\u0103implantologiecosmetic\u0103 dentar\u0103protetic\u0103endodon\u021biecariologieocluzologiepedodon\u021bie","breadcrumb":{"@id":"https:\/\/www.clinicaultradent.ro\/contact\/#breadcrumb"},"inLanguage":"en-US","potentialAction":[{"@type":"ReadAction","target":["https:\/\/www.clinicaultradent.ro\/contact\/"]}]},{"@type":"BreadcrumbList","@id":"https:\/\/www.clinicaultradent.ro\/contact\/#breadcrumb","itemListElement":[{"@type":"ListItem","position":1,"name":"Home","item":"https:\/\/www.clinicaultradent.ro\/"},{"@type":"ListItem","position":2,"name":"Contact"}]},{"@type":"WebSite","@id":"https:\/\/www.clinicaultradent.ro\/#website","url":"https:\/\/www.clinicaultradent.ro\/","name":"Clinica Ultradent Galati","description":"Clinica de stomatologie din Galati","publisher":{"@id":"https:\/\/www.clinicaultradent.ro\/#organization"},"potentialAction":[{"@type":"SearchAction","target":{"@type":"EntryPoint","urlTemplate":"https:\/\/www.clinicaultradent.ro\/?s={search_term_string}"},"query-input":{"@type":"PropertyValueSpecification","valueRequired":true,"valueName":"search_term_string"}}],"inLanguage":"en-US"},{"@type":"Organization","@id":"https:\/\/www.clinicaultradent.ro\/#organization","name":"%%sitename%% Clinica Ultradent Galati","url":"https:\/\/www.clinicaultradent.ro\/","logo":{"@type":"ImageObject","inLanguage":"en-US","@id":"https:\/\/www.clinicaultradent.ro\/#\/schema\/logo\/image\/","url":"https:\/\/www.clinicaultradent.ro\/wp-content\/uploads\/2025\/09\/cropped-ultradent-logo-500x500-1.png","contentUrl":"https:\/\/www.clinicaultradent.ro\/wp-content\/uploads\/2025\/09\/cropped-ultradent-logo-500x500-1.png","width":500,"height":310,"caption":"%%sitename%% Clinica Ultradent Galati"},"image":{"@id":"https:\/\/www.clinicaultradent.ro\/#\/schema\/logo\/image\/"}}]}},"_links":{"self":[{"href":"https:\/\/www.clinicaultradent.ro\/en\/wp-json\/wp\/v2\/pages\/4268","targetHints":{"allow":["GET"]}}],"collection":[{"href":"https:\/\/www.clinicaultradent.ro\/en\/wp-json\/wp\/v2\/pages"}],"about":[{"href":"https:\/\/www.clinicaultradent.ro\/en\/wp-json\/wp\/v2\/types\/page"}],"author":[{"embeddable":true,"href":"https:\/\/www.clinicaultradent.ro\/en\/wp-json\/wp\/v2\/users\/1"}],"replies":[{"embeddable":true,"href":"https:\/\/www.clinicaultradent.ro\/en\/wp-json\/wp\/v2\/comments?post=4268"}],"version-history":[{"count":66,"href":"https:\/\/www.clinicaultradent.ro\/en\/wp-json\/wp\/v2\/pages\/4268\/revisions"}],"predecessor-version":[{"id":10387,"href":"https:\/\/www.clinicaultradent.ro\/en\/wp-json\/wp\/v2\/pages\/4268\/revisions\/10387"}],"wp:attachment":[{"href":"https:\/\/www.clinicaultradent.ro\/en\/wp-json\/wp\/v2\/media?parent=4268"}],"curies":[{"name":"wp","href":"https:\/\/api.w.org\/{rel}","templated":true}]}}